{"id":371099,"date":"2021-12-16T18:38:37","date_gmt":"2021-12-16T16:38:37","guid":{"rendered":"https:\/\/www.kleftiko-milos.gr\/?page_id=371099"},"modified":"2024-12-27T12:07:35","modified_gmt":"2024-12-27T10:07:35","slug":"message-transmis","status":"publish","type":"page","link":"https:\/\/www.kleftiko-milos.gr\/fr\/message-transmis\/","title":{"rendered":"Message transmis"},"content":{"rendered":"<p>[et_pb_section fb_built=\u00a0\u00bb1&Prime; _builder_version=\u00a0\u00bb4.16&Prime; _module_preset=\u00a0\u00bbdefault\u00a0\u00bb background_color=\u00a0\u00bbrgba(91,147,193,0.13)\u00a0\u00bb custom_padding=\u00a0\u00bb0px||0px|||\u00a0\u00bb locked=\u00a0\u00bboff\u00a0\u00bb global_colors_info=\u00a0\u00bb{}\u00a0\u00bb][et_pb_row _builder_version=\u00a0\u00bb4.27.4&Prime; _module_preset=\u00a0\u00bbdefault\u00a0\u00bb width=\u00a0\u00bb98%\u00a0\u00bb max_width=\u00a0\u00bb98%\u00a0\u00bb custom_padding=\u00a0\u00bb45px||11px|||\u00a0\u00bb locked=\u00a0\u00bboff\u00a0\u00bb global_colors_info=\u00a0\u00bb{}\u00a0\u00bb][et_pb_column type=\u00a0\u00bb4_4&Prime; _builder_version=\u00a0\u00bb4.27.4&Prime; _module_preset=\u00a0\u00bbdefault\u00a0\u00bb global_colors_info=\u00a0\u00bb{}\u00a0\u00bb][et_pb_text _builder_version=\u00a0\u00bb4.27.4&Prime; _module_preset=\u00a0\u00bbdefault\u00a0\u00bb text_font=\u00a0\u00bbMario1||||||||\u00a0\u00bb text_font_size=\u00a0\u00bb40px\u00a0\u00bb text_letter_spacing=\u00a0\u00bb3px\u00a0\u00bb custom_margin=\u00a0\u00bb15px||15px||true|false\u00a0\u00bb custom_padding=\u00a0\u00bb||||false|false\u00a0\u00bb global_colors_info=\u00a0\u00bb{}\u00a0\u00bb]<\/p>\n<p style=\"text-align: center;\"><span style=\"color: #313493;\">Horion<\/span><span style=\"color: #79c048;\">Yachts<\/span><span style=\"color: #79c048;\"><\/span><\/p>\n<p>[\/et_pb_text][et_pb_text _builder_version=\u00a0\u00bb4.27.4&Prime; _module_preset=\u00a0\u00bbdefault\u00a0\u00bb text_font=\u00a0\u00bb|700|||||||\u00a0\u00bb text_text_color=\u00a0\u00bb#313493&Prime; text_font_size=\u00a0\u00bb20px\u00a0\u00bb text_letter_spacing=\u00a0\u00bb7px\u00a0\u00bb custom_margin=\u00a0\u00bb0px||0px||true|false\u00a0\u00bb custom_padding=\u00a0\u00bb0px||0px||true|false\u00a0\u00bb global_colors_info=\u00a0\u00bb{}\u00a0\u00bb]<\/p>\n<p style=\"text-align: center;\">ESCAPE WITH US<\/p>\n<p>[\/et_pb_text][et_pb_image src=\u00a0\u00bbhttps:\/\/www.kleftiko-milos.gr\/wp-content\/uploads\/2024\/11\/Logo-png.webp\u00a0\u00bb alt=\u00a0\u00bbLogo-png\u00a0\u00bb title_text=\u00a0\u00bbLogo-png\u00a0\u00bb align=\u00a0\u00bbcenter\u00a0\u00bb _builder_version=\u00a0\u00bb4.25.1&Prime; _module_preset=\u00a0\u00bbdefault\u00a0\u00bb custom_margin=\u00a0\u00bb||20px||false|false\u00a0\u00bb custom_padding=\u00a0\u00bb||||false|false\u00a0\u00bb locked=\u00a0\u00bboff\u00a0\u00bb global_colors_info=\u00a0\u00bb{}\u00a0\u00bb][\/et_pb_image][\/et_pb_column][\/et_pb_row][et_pb_row _builder_version=\u00a0\u00bb4.27.4&Prime; _module_preset=\u00a0\u00bbdefault\u00a0\u00bb custom_padding=\u00a0\u00bb17px|||||\u00a0\u00bb global_colors_info=\u00a0\u00bb{}\u00a0\u00bb][et_pb_column type=\u00a0\u00bb4_4&Prime; _builder_version=\u00a0\u00bb4.27.4&Prime; _module_preset=\u00a0\u00bbdefault\u00a0\u00bb global_colors_info=\u00a0\u00bb{}\u00a0\u00bb][et_pb_text _builder_version=\u00a0\u00bb4.27.4&Prime; _module_preset=\u00a0\u00bbdefault\u00a0\u00bb custom_margin=\u00a0\u00bb||5px|||\u00a0\u00bb hover_enabled=\u00a0\u00bb0&Prime; global_colors_info=\u00a0\u00bb{}\u00a0\u00bb sticky_enabled=\u00a0\u00bb0&Prime;]<\/p>\n<p style=\"text-align: center;\"><span style=\"color: #ff6600;\">Votre message a bien \u00e9t\u00e9 transmis au bureau d&rsquo;Horizon Yachts !<\/span><\/p>\n<p style=\"text-align: center;\"><span style=\"color: #000000;\">Nous vous r\u00e9pondrons au plus vite possible, merci.<\/span><\/p>\n<p>[\/et_pb_text][\/et_pb_column][\/et_pb_row][et_pb_row _builder_version=\u00a0\u00bb4.27.4&Prime; _module_preset=\u00a0\u00bbdefault\u00a0\u00bb background_enable_color=\u00a0\u00bboff\u00a0\u00bb width=\u00a0\u00bb100%\u00a0\u00bb max_width=\u00a0\u00bb100%\u00a0\u00bb custom_padding=\u00a0\u00bb0px||22px|||\u00a0\u00bb global_colors_info=\u00a0\u00bb{}\u00a0\u00bb][et_pb_column type=\u00a0\u00bb4_4&Prime; _builder_version=\u00a0\u00bb4.16&Prime; _module_preset=\u00a0\u00bbdefault\u00a0\u00bb global_colors_info=\u00a0\u00bb{}\u00a0\u00bb][et_pb_image src=\u00a0\u00bbhttps:\/\/www.kleftiko-milos.gr\/wp-content\/uploads\/2024\/12\/email-received.webp\u00a0\u00bb alt=\u00a0\u00bbemail\u00a0\u00bb title_text=\u00a0\u00bbemail-received\u00a0\u00bb align=\u00a0\u00bbcenter\u00a0\u00bb _builder_version=\u00a0\u00bb4.27.4&Prime; _module_preset=\u00a0\u00bbdefault\u00a0\u00bb custom_margin=\u00a0\u00bb5px||5px||true|\u00a0\u00bb custom_padding=\u00a0\u00bb28px||28px||true|\u00a0\u00bb global_colors_info=\u00a0\u00bb{}\u00a0\u00bb][\/et_pb_image][\/et_pb_column][\/et_pb_row][\/et_pb_section][et_pb_section fb_built=\u00a0\u00bb1&Prime; _builder_version=\u00a0\u00bb4.27.4&Prime; _module_preset=\u00a0\u00bbdefault\u00a0\u00bb background_color=\u00a0\u00bbrgba(0,0,0,0.67)\u00a0\u00bb background_color_gradient_start=\u00a0\u00bb#167244&Prime; background_enable_image=\u00a0\u00bboff\u00a0\u00bb background_enable_pattern_style=\u00a0\u00bbon\u00a0\u00bb background_pattern_style=\u00a0\u00bbdiagonal-stripes-2&Prime; custom_margin=\u00a0\u00bb||||false|false\u00a0\u00bb box_shadow_style=\u00a0\u00bbpreset1&Prime; saved_tabs=\u00a0\u00bball\u00a0\u00bb locked=\u00a0\u00bboff\u00a0\u00bb global_colors_info=\u00a0\u00bb%91%93&Prime;][et_pb_row column_structure=\u00a0\u00bb1_4,1_2,1_4&Prime; use_custom_gutter=\u00a0\u00bbon\u00a0\u00bb gutter_width=\u00a0\u00bb2&Prime; _builder_version=\u00a0\u00bb4.25.1&Prime; _module_preset=\u00a0\u00bbdefault\u00a0\u00bb global_colors_info=\u00a0\u00bb{}\u00a0\u00bb][et_pb_column type=\u00a0\u00bb1_4&Prime; _builder_version=\u00a0\u00bb4.16&Prime; _module_preset=\u00a0\u00bbdefault\u00a0\u00bb custom_padding=\u00a0\u00bb15px||||false|false\u00a0\u00bb global_colors_info=\u00a0\u00bb{}\u00a0\u00bb][et_pb_text _builder_version=\u00a0\u00bb4.27.4&Prime; _module_preset=\u00a0\u00bbdefault\u00a0\u00bb text_text_color=\u00a0\u00bbRGBA(255,255,255,0)\u00a0\u00bb custom_margin=\u00a0\u00bb||5px||false|false\u00a0\u00bb global_colors_info=\u00a0\u00bb{}\u00a0\u00bb]<\/p>\n<p style=\"text-align: center;\"><span style=\"color: #ffffff;\"><span style=\"color: #000000;\"><span style=\"color: #ffffff;\">T\u00e9l\u00e9phone bureau:<\/span><br \/><span style=\"color: #00ffff;\"><a href=\"tel:+302287024083\" style=\"color: #a2ff57;\" target=\"_blank\" rel=\"noopener\">(+30) 22870 24083<\/a><\/span><br \/><\/span> <\/span><\/p>\n<p>[\/et_pb_text][et_pb_text _builder_version=\u00a0\u00bb4.25.1&Prime; _module_preset=\u00a0\u00bbdefault\u00a0\u00bb custom_padding=\u00a0\u00bb30px||30px||true|false\u00a0\u00bb global_colors_info=\u00a0\u00bb{}\u00a0\u00bb]<\/p>\n<p style=\"text-align: center;\"><span style=\"color: #ffffff;\"><span style=\"color: #000000;\"><span style=\"color: #ffffff;\">Mario:<\/span><br \/><span style=\"color: #00ffff;\"><a href=\"tel:+306977432170\" target=\"_blank\" rel=\"noopener\" style=\"color: #a2ff57;\"><span style=\"color: #00ccff;\">(+30) 6977 4321 70<\/span><\/a><\/span><br \/><\/span> <\/span><\/p>\n<p>[\/et_pb_text][\/et_pb_column][et_pb_column type=\u00a0\u00bb1_2&Prime; _builder_version=\u00a0\u00bb4.16&Prime; _module_preset=\u00a0\u00bbdefault\u00a0\u00bb custom_padding=\u00a0\u00bb||||false|false\u00a0\u00bb global_colors_info=\u00a0\u00bb{}\u00a0\u00bb][et_pb_image src=\u00a0\u00bbhttps:\/\/www.kleftiko-milos.gr\/wp-content\/uploads\/2024\/09\/HORIZON.webp\u00a0\u00bb alt=\u00a0\u00bbHORIZON\u00a0\u00bb title_text=\u00a0\u00bbHORIZON\u00a0\u00bb align=\u00a0\u00bbcenter\u00a0\u00bb _builder_version=\u00a0\u00bb4.27.4&Prime; _module_preset=\u00a0\u00bbdefault\u00a0\u00bb border_radii=\u00a0\u00bbon|15px|15px|15px|15px\u00a0\u00bb border_width_all=\u00a0\u00bb1px\u00a0\u00bb border_color_all=\u00a0\u00bb#FFFFFF\u00a0\u00bb box_shadow_style=\u00a0\u00bbpreset1&Prime; locked=\u00a0\u00bboff\u00a0\u00bb global_colors_info=\u00a0\u00bb{}\u00a0\u00bb][\/et_pb_image][\/et_pb_column][et_pb_column type=\u00a0\u00bb1_4&Prime; _builder_version=\u00a0\u00bb4.16&Prime; _module_preset=\u00a0\u00bbdefault\u00a0\u00bb custom_padding=\u00a0\u00bb15px||||false|false\u00a0\u00bb global_colors_info=\u00a0\u00bb{}\u00a0\u00bb][et_pb_text _builder_version=\u00a0\u00bb4.25.1&Prime; _module_preset=\u00a0\u00bbdefault\u00a0\u00bb text_text_color=\u00a0\u00bbRGBA(255,255,255,0)\u00a0\u00bb custom_margin=\u00a0\u00bb||5px||false|false\u00a0\u00bb locked=\u00a0\u00bboff\u00a0\u00bb global_colors_info=\u00a0\u00bb{}\u00a0\u00bb]<\/p>\n<p style=\"text-align: center;\"><span style=\"color: #ffffff;\"><span style=\"color: #000000;\"><span style=\"color: #ffffff;\">Email:<\/span><br \/><a href=\"mailto:horizonyachts1@gmail.com\" target=\"_blank\" rel=\"noopener\"><span style=\"color: #A2FF57;\">horizonyachts1@gmail.com<\/span><\/a><br \/><\/span> <\/span><\/p>\n<p>[\/et_pb_text][et_pb_text _builder_version=\u00a0\u00bb4.25.1&Prime; _module_preset=\u00a0\u00bbdefault\u00a0\u00bb custom_padding=\u00a0\u00bb30px||30px||true|false\u00a0\u00bb locked=\u00a0\u00bboff\u00a0\u00bb global_colors_info=\u00a0\u00bb{}\u00a0\u00bb custom_margin__hover_enabled=\u00a0\u00bbon|desktop\u00a0\u00bb custom_margin__hover=\u00a0\u00bb||||false|false\u00a0\u00bb]<\/p>\n<p style=\"text-align: center;\"><span style=\"color: #a3ecff;\"><span style=\"color: #ffffff;\">WhatsApp:<br \/><span style=\"color: #00ccff;\">(+30) 6977 4321 70<\/span><\/span><br \/><\/span><\/p>\n<p>[\/et_pb_text][\/et_pb_column][\/et_pb_row][et_pb_row _builder_version=\u00a0\u00bb4.25.1&Prime; _module_preset=\u00a0\u00bbdefault\u00a0\u00bb global_colors_info=\u00a0\u00bb{}\u00a0\u00bb][et_pb_column type=\u00a0\u00bb4_4&Prime; _builder_version=\u00a0\u00bb4.25.1&Prime; _module_preset=\u00a0\u00bbdefault\u00a0\u00bb global_colors_info=\u00a0\u00bb{}\u00a0\u00bb][et_pb_image src=\u00a0\u00bbhttps:\/\/www.kleftiko-milos.gr\/wp-content\/uploads\/2024\/12\/Logo-png-1-300&#215;41-1.webp\u00a0\u00bb alt=\u00a0\u00bbLogo-png\u00a0\u00bb title_text=\u00a0\u00bbLogo-png\u00a0\u00bb align=\u00a0\u00bbcenter\u00a0\u00bb _builder_version=\u00a0\u00bb4.25.1&Prime; _module_preset=\u00a0\u00bbdefault\u00a0\u00bb custom_margin=\u00a0\u00bb||20px||false|false\u00a0\u00bb custom_padding=\u00a0\u00bb||||false|false\u00a0\u00bb locked=\u00a0\u00bboff\u00a0\u00bb global_colors_info=\u00a0\u00bb{}\u00a0\u00bb][\/et_pb_image][et_pb_text _builder_version=\u00a0\u00bb4.27.4&Prime; _module_preset=\u00a0\u00bbdefault\u00a0\u00bb text_text_color=\u00a0\u00bb#FFFFFF\u00a0\u00bb link_option_url=\u00a0\u00bbhttps:\/\/www.google.com\/maps\/place\/HORIZON+YACHTS+Boat+Tours+Kleftiko+Milos+Island\/@36.7244635,24.4446949,18.16z\/data=!4m6!3m5!1s0x1498df444016c4d3:0x6fbc4816a633f185!8m2!3d36.7244616!4d24.4458427!16s%2Fg%2F11cs090gkz?entry=ttu&#038;g_ep=EgoyMDI0MTEyNC4xIKXMDSoASAFQAw%3D%3D\u00a0\u00bb link_option_url_new_window=\u00a0\u00bbon\u00a0\u00bb global_colors_info=\u00a0\u00bb{}\u00a0\u00bb content__hover_enabled=\u00a0\u00bboff|desktop\u00a0\u00bb content__hover=\u00a0\u00bb<\/p>\n<p style=%22text-align: center;%22><span style=%22color: #a2ff57;%22>OFFICE LOCATION<\/span><br \/>Adamas main port<br \/>84800 Milos<\/p>\n<p style=%22text-align: center;%22><span style=%22color: #00ccff;%22><\/span><span style=%22color: #00ccff;%22>The office is situated 50 meters<br \/>from the port<\/span><br \/><span style=%22color: #00ccff;%22>right next to Egoist Caf\u00e9<\/span><\/p>\n<p style=%22text-align: center;%22><span style=%22color: #a2ff57;%22>See Google Maps<\/span><\/p>\n<p>\u00ab\u00a0]<\/p>\n<p style=\"text-align: center;\">EMPLACEMENT DU BUREAU<br \/>Port principal d&rsquo;Adamas<br \/>84800 Milos<\/p>\n<p style=\"text-align: center;\"><span style=\"color: #00ccff;\">Voir Google Maps<\/span><\/p>\n<p>[\/et_pb_text][\/et_pb_column][\/et_pb_row][\/et_pb_section]<\/p>\n","protected":false},"excerpt":{"rendered":"<p>HorionYachtsESCAPE WITH USVotre message a bien \u00e9t\u00e9 transmis au bureau d&rsquo;Horizon Yachts ! Nous vous r\u00e9pondrons au plus vite possible, merci.T\u00e9l\u00e9phone bureau:(+30) 22870 24083 Mario:(+30) 6977 4321 70 Email:horizonyachts1@gmail.com WhatsApp:(+30) 6977 4321 70EMPLACEMENT DU BUREAUPort principal d&rsquo;Adamas84800 Milos Voir Google Maps<\/p>\n","protected":false},"author":1,"featured_media":0,"parent":0,"menu_order":0,"comment_status":"closed","ping_status":"closed","template":"","meta":{"_et_pb_use_builder":"on","_et_pb_old_content":"","_et_gb_content_width":"","footnotes":""},"class_list":["post-371099","page","type-page","status-publish","hentry"],"_links":{"self":[{"href":"https:\/\/www.kleftiko-milos.gr\/fr\/wp-json\/wp\/v2\/pages\/371099","targetHints":{"allow":["GET"]}}],"collection":[{"href":"https:\/\/www.kleftiko-milos.gr\/fr\/wp-json\/wp\/v2\/pages"}],"about":[{"href":"https:\/\/www.kleftiko-milos.gr\/fr\/wp-json\/wp\/v2\/types\/page"}],"author":[{"embeddable":true,"href":"https:\/\/www.kleftiko-milos.gr\/fr\/wp-json\/wp\/v2\/users\/1"}],"replies":[{"embeddable":true,"href":"https:\/\/www.kleftiko-milos.gr\/fr\/wp-json\/wp\/v2\/comments?post=371099"}],"version-history":[{"count":2,"href":"https:\/\/www.kleftiko-milos.gr\/fr\/wp-json\/wp\/v2\/pages\/371099\/revisions"}],"predecessor-version":[{"id":7962749,"href":"https:\/\/www.kleftiko-milos.gr\/fr\/wp-json\/wp\/v2\/pages\/371099\/revisions\/7962749"}],"wp:attachment":[{"href":"https:\/\/www.kleftiko-milos.gr\/fr\/wp-json\/wp\/v2\/media?parent=371099"}],"curies":[{"name":"wp","href":"https:\/\/api.w.org\/{rel}","templated":true}]}}