{"id":371557,"date":"2021-12-31T01:11:45","date_gmt":"2021-12-30T23:11:45","guid":{"rendered":"https:\/\/www.kleftiko-milos.gr\/?page_id=371557"},"modified":"2024-12-13T11:09:06","modified_gmt":"2024-12-13T09:09:06","slug":"le-guide-du-routard-a-milos-cyclades","status":"publish","type":"page","link":"https:\/\/www.kleftiko-milos.gr\/fr\/le-guide-du-routard-a-milos-cyclades\/","title":{"rendered":"Le guide du routard"},"content":{"rendered":"<p>[et_pb_section fb_built=\u00a0\u00bb1&Prime; _builder_version=\u00a0\u00bb4.16&Prime; _module_preset=\u00a0\u00bbdefault\u00a0\u00bb custom_padding=\u00a0\u00bb0px||29px|||\u00a0\u00bb global_colors_info=\u00a0\u00bb{}\u00a0\u00bb][et_pb_row _builder_version=\u00a0\u00bb4.16&Prime; _module_preset=\u00a0\u00bbdefault\u00a0\u00bb custom_padding=\u00a0\u00bb53px|||||\u00a0\u00bb global_colors_info=\u00a0\u00bb{}\u00a0\u00bb][et_pb_column type=\u00a0\u00bb4_4&Prime; _builder_version=\u00a0\u00bb4.16&Prime; _module_preset=\u00a0\u00bbdefault\u00a0\u00bb global_colors_info=\u00a0\u00bb{}\u00a0\u00bb][et_pb_image src=\u00a0\u00bbhttps:\/\/www.kleftiko-milos.gr\/wp-content\/uploads\/2021\/11\/logo-1.png\u00a0\u00bb alt=\u00a0\u00bbHorizon Yachts\u00a0\u00bb title_text=\u00a0\u00bblogo Horizon Yachts\u00a0\u00bb align=\u00a0\u00bbcenter\u00a0\u00bb _builder_version=\u00a0\u00bb4.16&Prime; _module_preset=\u00a0\u00bbdefault\u00a0\u00bb global_colors_info=\u00a0\u00bb{}\u00a0\u00bb][\/et_pb_image][et_pb_image src=\u00a0\u00bbhttps:\/\/www.kleftiko-milos.gr\/wp-content\/uploads\/2024\/11\/Logo-png.webp\u00a0\u00bb alt=\u00a0\u00bbLogo-png\u00a0\u00bb title_text=\u00a0\u00bbLogo-png\u00a0\u00bb align=\u00a0\u00bbcenter\u00a0\u00bb _builder_version=\u00a0\u00bb4.27.4&Prime; _module_preset=\u00a0\u00bbdefault\u00a0\u00bb custom_margin=\u00a0\u00bb||||false|false\u00a0\u00bb custom_padding=\u00a0\u00bb||||false|false\u00a0\u00bb locked=\u00a0\u00bboff\u00a0\u00bb global_colors_info=\u00a0\u00bb{}\u00a0\u00bb][\/et_pb_image][et_pb_text _builder_version=\u00a0\u00bb4.27.4&Prime; _module_preset=\u00a0\u00bbdefault\u00a0\u00bb global_colors_info=\u00a0\u00bb{}\u00a0\u00bb]<\/p>\n<p style=\"text-align: center;\">Horizon Yachts est recommand\u00e9s par <br \/><strong>le guide du routard<\/strong><\/p>\n<p>[\/et_pb_text][et_pb_text _builder_version=\u00a0\u00bb4.27.4&Prime; _module_preset=\u00a0\u00bbdefault\u00a0\u00bb global_colors_info=\u00a0\u00bb{}\u00a0\u00bb]<\/p>\n<p style=\"text-align: center;\">Depuis 2018, nous sommes recommand\u00e9s par <strong>le guide du routard<\/strong> dans le livre \u00a0\u00bbles iles grecques et Ath\u00e8nes\u00a0\u00bb<\/p>\n<p>[\/et_pb_text][\/et_pb_column][\/et_pb_row][\/et_pb_section][et_pb_section fb_built=\u00a0\u00bb1&Prime; _builder_version=\u00a0\u00bb4.27.4&Prime; _module_preset=\u00a0\u00bbdefault\u00a0\u00bb background_color=\u00a0\u00bbrgba(91,147,193,0.13)\u00a0\u00bb box_shadow_style=\u00a0\u00bbpreset1&Prime; global_colors_info=\u00a0\u00bb{}\u00a0\u00bb][et_pb_row column_structure=\u00a0\u00bb1_4,1_4,1_4,1_4&Prime; _builder_version=\u00a0\u00bb4.24.2&Prime; _module_preset=\u00a0\u00bbdefault\u00a0\u00bb width=\u00a0\u00bb100%\u00a0\u00bb global_colors_info=\u00a0\u00bb{}\u00a0\u00bb][et_pb_column type=\u00a0\u00bb1_4&Prime; _builder_version=\u00a0\u00bb4.16&Prime; _module_preset=\u00a0\u00bbdefault\u00a0\u00bb global_colors_info=\u00a0\u00bb{}\u00a0\u00bb][et_pb_image src=\u00a0\u00bbhttps:\/\/www.kleftiko-milos.gr\/wp-content\/uploads\/2021\/12\/le-guide-du-routard-2018.webp\u00a0\u00bb alt=\u00a0\u00bble guide du routard\u00a0\u00bb title_text=\u00a0\u00bble-guide-du-routard-2018&Prime; show_in_lightbox=\u00a0\u00bbon\u00a0\u00bb use_overlay=\u00a0\u00bbon\u00a0\u00bb overlay_icon_color=\u00a0\u00bb#FFFFFF\u00a0\u00bb hover_overlay_color=\u00a0\u00bbrgba(0,0,0,0.29)\u00a0\u00bb hover_icon=\u00a0\u00bb&#x54;||divi||400&Prime; align=\u00a0\u00bbcenter\u00a0\u00bb _builder_version=\u00a0\u00bb4.16&Prime; _module_preset=\u00a0\u00bbdefault\u00a0\u00bb box_shadow_style=\u00a0\u00bbpreset1&Prime; locked=\u00a0\u00bboff\u00a0\u00bb global_colors_info=\u00a0\u00bb{}\u00a0\u00bb][\/et_pb_image][et_pb_text _builder_version=\u00a0\u00bb4.16&Prime; _module_preset=\u00a0\u00bbdefault\u00a0\u00bb global_colors_info=\u00a0\u00bb{}\u00a0\u00bb]<\/p>\n<p style=\"text-align: center;\"><strong>2018<\/strong><\/p>\n<p>[\/et_pb_text][\/et_pb_column][et_pb_column type=\u00a0\u00bb1_4&Prime; _builder_version=\u00a0\u00bb4.16&Prime; _module_preset=\u00a0\u00bbdefault\u00a0\u00bb global_colors_info=\u00a0\u00bb{}\u00a0\u00bb][et_pb_image src=\u00a0\u00bbhttps:\/\/www.kleftiko-milos.gr\/wp-content\/uploads\/2021\/12\/le-guide-du-routard-2019.webp\u00a0\u00bb alt=\u00a0\u00bble guide du routard\u00a0\u00bb title_text=\u00a0\u00bble-guide-du-routard-2019&Prime; show_in_lightbox=\u00a0\u00bbon\u00a0\u00bb use_overlay=\u00a0\u00bbon\u00a0\u00bb overlay_icon_color=\u00a0\u00bb#FFFFFF\u00a0\u00bb hover_overlay_color=\u00a0\u00bbrgba(0,0,0,0.29)\u00a0\u00bb hover_icon=\u00a0\u00bb&#x54;||divi||400&Prime; align=\u00a0\u00bbcenter\u00a0\u00bb _builder_version=\u00a0\u00bb4.16&Prime; _module_preset=\u00a0\u00bbdefault\u00a0\u00bb box_shadow_style=\u00a0\u00bbpreset1&Prime; locked=\u00a0\u00bboff\u00a0\u00bb global_colors_info=\u00a0\u00bb{}\u00a0\u00bb][\/et_pb_image][et_pb_text _builder_version=\u00a0\u00bb4.16&Prime; _module_preset=\u00a0\u00bbdefault\u00a0\u00bb locked=\u00a0\u00bboff\u00a0\u00bb global_colors_info=\u00a0\u00bb{}\u00a0\u00bb]<\/p>\n<p style=\"text-align: center;\"><strong>2019<\/strong><\/p>\n<p>[\/et_pb_text][\/et_pb_column][et_pb_column type=\u00a0\u00bb1_4&Prime; _builder_version=\u00a0\u00bb4.16&Prime; _module_preset=\u00a0\u00bbdefault\u00a0\u00bb global_colors_info=\u00a0\u00bb{}\u00a0\u00bb][et_pb_image src=\u00a0\u00bbhttps:\/\/www.kleftiko-milos.gr\/wp-content\/uploads\/2021\/12\/le-guide-du-routard-2020.webp\u00a0\u00bb alt=\u00a0\u00bble-guide-du-routard-2020&Prime; title_text=\u00a0\u00bble-guide-du-routard-2020&Prime; show_in_lightbox=\u00a0\u00bbon\u00a0\u00bb use_overlay=\u00a0\u00bbon\u00a0\u00bb overlay_icon_color=\u00a0\u00bb#FFFFFF\u00a0\u00bb hover_overlay_color=\u00a0\u00bbrgba(0,0,0,0.29)\u00a0\u00bb hover_icon=\u00a0\u00bb&#x54;||divi||400&Prime; align=\u00a0\u00bbcenter\u00a0\u00bb _builder_version=\u00a0\u00bb4.16&Prime; _module_preset=\u00a0\u00bbdefault\u00a0\u00bb box_shadow_style=\u00a0\u00bbpreset1&Prime; locked=\u00a0\u00bboff\u00a0\u00bb global_colors_info=\u00a0\u00bb{}\u00a0\u00bb][\/et_pb_image][et_pb_text _builder_version=\u00a0\u00bb4.16&Prime; _module_preset=\u00a0\u00bbdefault\u00a0\u00bb locked=\u00a0\u00bboff\u00a0\u00bb global_colors_info=\u00a0\u00bb{}\u00a0\u00bb]<\/p>\n<p style=\"text-align: center;\"><strong>2020<\/strong><\/p>\n<p>[\/et_pb_text][\/et_pb_column][et_pb_column type=\u00a0\u00bb1_4&Prime; _builder_version=\u00a0\u00bb4.16&Prime; _module_preset=\u00a0\u00bbdefault\u00a0\u00bb global_colors_info=\u00a0\u00bb{}\u00a0\u00bb][et_pb_image src=\u00a0\u00bbhttps:\/\/www.kleftiko-milos.gr\/wp-content\/uploads\/2021\/12\/le-guide-du-routard-2020-20.webp\u00a0\u00bb alt=\u00a0\u00bble guide du routard\u00a0\u00bb title_text=\u00a0\u00bble-guide-du-routard-2021-22&Prime; show_in_lightbox=\u00a0\u00bbon\u00a0\u00bb use_overlay=\u00a0\u00bbon\u00a0\u00bb overlay_icon_color=\u00a0\u00bb#FFFFFF\u00a0\u00bb hover_overlay_color=\u00a0\u00bbrgba(0,0,0,0.29)\u00a0\u00bb hover_icon=\u00a0\u00bb&#x54;||divi||400&Prime; align=\u00a0\u00bbcenter\u00a0\u00bb _builder_version=\u00a0\u00bb4.16&Prime; _module_preset=\u00a0\u00bbdefault\u00a0\u00bb box_shadow_style=\u00a0\u00bbpreset1&Prime; locked=\u00a0\u00bboff\u00a0\u00bb global_colors_info=\u00a0\u00bb{}\u00a0\u00bb][\/et_pb_image][et_pb_text _builder_version=\u00a0\u00bb4.16&Prime; _module_preset=\u00a0\u00bbdefault\u00a0\u00bb locked=\u00a0\u00bboff\u00a0\u00bb global_colors_info=\u00a0\u00bb{}\u00a0\u00bb]<\/p>\n<p style=\"text-align: center;\"><strong>2021<\/strong><\/p>\n<p>[\/et_pb_text][\/et_pb_column][\/et_pb_row][et_pb_row column_structure=\u00a0\u00bb1_4,1_4,1_4,1_4&Prime; _builder_version=\u00a0\u00bb4.24.2&Prime; _module_preset=\u00a0\u00bbdefault\u00a0\u00bb width=\u00a0\u00bb100%\u00a0\u00bb global_colors_info=\u00a0\u00bb{}\u00a0\u00bb][et_pb_column type=\u00a0\u00bb1_4&Prime; _builder_version=\u00a0\u00bb4.16&Prime; _module_preset=\u00a0\u00bbdefault\u00a0\u00bb global_colors_info=\u00a0\u00bb{}\u00a0\u00bb][et_pb_image src=\u00a0\u00bbhttps:\/\/www.kleftiko-milos.gr\/wp-content\/uploads\/2022\/03\/Guide-du-Routard-Iles-grecques-et-Athenes-2022-23.webp\u00a0\u00bb alt=\u00a0\u00bbGuide-du-Routard-Iles-grecques-et-Athenes-2022-23&Prime; title_text=\u00a0\u00bbGuide-du-Routard-Iles-grecques-et-Athenes-2022-23&Prime; show_in_lightbox=\u00a0\u00bbon\u00a0\u00bb use_overlay=\u00a0\u00bbon\u00a0\u00bb overlay_icon_color=\u00a0\u00bb#FFFFFF\u00a0\u00bb hover_overlay_color=\u00a0\u00bbrgba(0,0,0,0.29)\u00a0\u00bb hover_icon=\u00a0\u00bb&#x54;||divi||400&Prime; align=\u00a0\u00bbcenter\u00a0\u00bb _builder_version=\u00a0\u00bb4.16&Prime; _module_preset=\u00a0\u00bbdefault\u00a0\u00bb box_shadow_style=\u00a0\u00bbpreset1&Prime; locked=\u00a0\u00bboff\u00a0\u00bb global_colors_info=\u00a0\u00bb{}\u00a0\u00bb][\/et_pb_image][et_pb_text _builder_version=\u00a0\u00bb4.24.2&Prime; _module_preset=\u00a0\u00bbdefault\u00a0\u00bb global_colors_info=\u00a0\u00bb{}\u00a0\u00bb]<\/p>\n<p style=\"text-align: center;\"><strong>2022<\/strong><\/p>\n<p>[\/et_pb_text][\/et_pb_column][et_pb_column type=\u00a0\u00bb1_4&Prime; _builder_version=\u00a0\u00bb4.16&Prime; _module_preset=\u00a0\u00bbdefault\u00a0\u00bb global_colors_info=\u00a0\u00bb{}\u00a0\u00bb][et_pb_image src=\u00a0\u00bbhttps:\/\/www.kleftiko-milos.gr\/wp-content\/uploads\/2023\/03\/metadata-image-66941998.webp\u00a0\u00bb alt=\u00a0\u00bbGuide Du Routard Grece\u00a0\u00bb title_text=\u00a0\u00bbGuide Du Routard 2023-24&Prime; show_in_lightbox=\u00a0\u00bbon\u00a0\u00bb use_overlay=\u00a0\u00bbon\u00a0\u00bb overlay_icon_color=\u00a0\u00bb#FFFFFF\u00a0\u00bb hover_overlay_color=\u00a0\u00bbrgba(0,0,0,0.29)\u00a0\u00bb hover_icon=\u00a0\u00bb&#x54;||divi||400&Prime; align=\u00a0\u00bbcenter\u00a0\u00bb _builder_version=\u00a0\u00bb4.20.0&Prime; _module_preset=\u00a0\u00bbdefault\u00a0\u00bb box_shadow_style=\u00a0\u00bbpreset1&Prime; locked=\u00a0\u00bboff\u00a0\u00bb global_colors_info=\u00a0\u00bb{}\u00a0\u00bb][\/et_pb_image][et_pb_text _builder_version=\u00a0\u00bb4.24.2&Prime; _module_preset=\u00a0\u00bbdefault\u00a0\u00bb locked=\u00a0\u00bboff\u00a0\u00bb global_colors_info=\u00a0\u00bb{}\u00a0\u00bb]<\/p>\n<p style=\"text-align: center;\"><strong>2023<\/strong><\/p>\n<p>[\/et_pb_text][\/et_pb_column][et_pb_column type=\u00a0\u00bb1_4&Prime; _builder_version=\u00a0\u00bb4.16&Prime; _module_preset=\u00a0\u00bbdefault\u00a0\u00bb global_colors_info=\u00a0\u00bb{}\u00a0\u00bb][et_pb_image src=\u00a0\u00bbhttps:\/\/www.kleftiko-milos.gr\/wp-content\/uploads\/2024\/03\/Guide-du-Routard-Iles-grecques-et-Athenes-2024-25.webp\u00a0\u00bb alt=\u00a0\u00bbGuide-du-Routard\u00a0\u00bb title_text=\u00a0\u00bbGuide-du-Routard-Iles-grecques-et-Athenes-2024-25&Prime; show_in_lightbox=\u00a0\u00bbon\u00a0\u00bb use_overlay=\u00a0\u00bbon\u00a0\u00bb overlay_icon_color=\u00a0\u00bb#FFFFFF\u00a0\u00bb hover_overlay_color=\u00a0\u00bbrgba(0,0,0,0.29)\u00a0\u00bb hover_icon=\u00a0\u00bb&#x54;||divi||400&Prime; align=\u00a0\u00bbcenter\u00a0\u00bb _builder_version=\u00a0\u00bb4.24.2&Prime; _module_preset=\u00a0\u00bbdefault\u00a0\u00bb box_shadow_style=\u00a0\u00bbpreset1&Prime; locked=\u00a0\u00bboff\u00a0\u00bb global_colors_info=\u00a0\u00bb{}\u00a0\u00bb][\/et_pb_image][et_pb_text _builder_version=\u00a0\u00bb4.24.2&Prime; _module_preset=\u00a0\u00bbdefault\u00a0\u00bb locked=\u00a0\u00bboff\u00a0\u00bb global_colors_info=\u00a0\u00bb{}\u00a0\u00bb]<\/p>\n<p style=\"text-align: center;\"><strong>2024<\/strong><\/p>\n<p>[\/et_pb_text][\/et_pb_column][et_pb_column type=\u00a0\u00bb1_4&Prime; _builder_version=\u00a0\u00bb4.16&Prime; _module_preset=\u00a0\u00bbdefault\u00a0\u00bb global_colors_info=\u00a0\u00bb{}\u00a0\u00bb][\/et_pb_column][\/et_pb_row][\/et_pb_section][et_pb_section fb_built=\u00a0\u00bb1&Prime; _builder_version=\u00a0\u00bb4.16&Prime; _module_preset=\u00a0\u00bbdefault\u00a0\u00bb global_colors_info=\u00a0\u00bb{}\u00a0\u00bb][et_pb_row _builder_version=\u00a0\u00bb4.16&Prime; _module_preset=\u00a0\u00bbdefault\u00a0\u00bb global_colors_info=\u00a0\u00bb{}\u00a0\u00bb][et_pb_column type=\u00a0\u00bb4_4&Prime; _builder_version=\u00a0\u00bb4.16&Prime; _module_preset=\u00a0\u00bbdefault\u00a0\u00bb global_colors_info=\u00a0\u00bb{}\u00a0\u00bb][et_pb_text _builder_version=\u00a0\u00bb4.27.4&Prime; _module_preset=\u00a0\u00bbdefault\u00a0\u00bb global_colors_info=\u00a0\u00bb{}\u00a0\u00bb]<\/p>\n<h2 style=\"text-align: center;\"><strong>le guide du routard<\/strong><\/h2>\n<p>[\/et_pb_text][et_pb_text _builder_version=\u00a0\u00bb4.27.4&Prime; _module_preset=\u00a0\u00bbdefault\u00a0\u00bb global_colors_info=\u00a0\u00bb{}\u00a0\u00bb]<\/p>\n<p style=\"text-align: center;\">Ao\u00fbt 2017, <a href=\"https:\/\/www.routard.com\/planete_routard\/page\/equipe.htm\" target=\"_blank\" rel=\"noopener\">le guide du routard<\/a> a fait l&rsquo;execution Adamas &#8211; Kleftiko en en voilier avec Horizon Yachts.<\/p>\n<p>[\/et_pb_text][et_pb_text _builder_version=\u00a0\u00bb4.27.4&Prime; _module_preset=\u00a0\u00bbdefault\u00a0\u00bb global_colors_info=\u00a0\u00bb{}\u00a0\u00bb]<\/p>\n<p style=\"text-align: center;\">-En voilier: une vingtaine de voiliers proposent plus ou moins les m\u00eames services.<br \/>On est entre 10 et 25 personnes \u00e0 bord (selon la taille du bateau et la p\u00e9riode), donc plus intime que les bateaux \u00e0 moteur.<\/p>\n<p style=\"text-align: center;\">Compter 80-100 \u20ac\/pers (selon saison et nombre de personne sur le bateau),<br \/>repas compris en g\u00e9n\u00e9ral. D\u00e9part entre 10h30 et 12h, retour entre 19h et 21h.<\/p>\n<p style=\"text-align: center;\"><span style=\"color: #000000;\"><strong>On conseille entre autres Horizon Yachts<\/strong><\/span>\u00a02287-024083 ou 6977-432170 \u2022 <a href=\"https:\/\/www.kleftiko-milos.gr\/fr\/\" target=\"_blank\" rel=\"noopener\">www.horizonyachts.gr<\/a> \u2022<br \/>compter 70-100 \u20ac\/pers repas et boissons comprises ; 18 pers max). Contact directement sur le port ou au bureau, presque en face.<\/p>\n<p style=\"text-align: center;\">Propose plusieurs tours, <span style=\"color: #000000;\"><strong>mais notre pr\u00e9f\u00e9r\u00e9 est la c\u00f4te ouest<\/strong><\/span>. Vous aurez peut-\u00eatre \u00e0 bord Mario<br \/>(alias Capitaine Haddock), un adorable Franco-Grec !<\/p>\n<p style=\"text-align: center;\"><span style=\"color: #000000;\"><strong>Une excursion qui se distingue des autres<\/strong><\/span> par le fait que, lors de 2 arr\u00eats,<br \/>on explore les grottes \u00e0 bord d&rsquo;un petit Zodiac.<br \/><span style=\"color: #ff6600;\"><strong>Tout bonnement g\u00e9nial !<\/strong><\/span><\/p>\n<p>[\/et_pb_text][\/et_pb_column][\/et_pb_row][\/et_pb_section][et_pb_section fb_built=\u00a0\u00bb1&Prime; _builder_version=\u00a0\u00bb4.27.4&Prime; _module_preset=\u00a0\u00bbdefault\u00a0\u00bb background_color=\u00a0\u00bbrgba(91,147,193,0.13)\u00a0\u00bb custom_padding=\u00a0\u00bb24px||26px|||\u00a0\u00bb box_shadow_style=\u00a0\u00bbpreset1&Prime; global_colors_info=\u00a0\u00bb{}\u00a0\u00bb][et_pb_row _builder_version=\u00a0\u00bb4.16&Prime; _module_preset=\u00a0\u00bbdefault\u00a0\u00bb global_colors_info=\u00a0\u00bb{}\u00a0\u00bb][et_pb_column type=\u00a0\u00bb4_4&Prime; _builder_version=\u00a0\u00bb4.16&Prime; _module_preset=\u00a0\u00bbdefault\u00a0\u00bb global_colors_info=\u00a0\u00bb{}\u00a0\u00bb][et_pb_text _builder_version=\u00a0\u00bb4.27.4&Prime; _module_preset=\u00a0\u00bbdefault\u00a0\u00bb locked=\u00a0\u00bboff\u00a0\u00bb global_colors_info=\u00a0\u00bb{}\u00a0\u00bb]<\/p>\n<p style=\"text-align: center;\"><strong>le guide du routard<\/strong><\/p>\n<p>[\/et_pb_text][et_pb_image src=\u00a0\u00bbhttps:\/\/www.kleftiko-milos.gr\/wp-content\/uploads\/2021\/12\/le-guide-du-routard-a-Milos.webp\u00a0\u00bb alt=\u00a0\u00bble guide du routard a Milos\u00a0\u00bb title_text=\u00a0\u00bble guide du routard a Milos\u00a0\u00bb url=\u00a0\u00bbhttps:\/\/www.routard.com\/\u00a0\u00bb url_new_window=\u00a0\u00bbon\u00a0\u00bb align=\u00a0\u00bbcenter\u00a0\u00bb _builder_version=\u00a0\u00bb4.16&Prime; _module_preset=\u00a0\u00bbdefault\u00a0\u00bb box_shadow_style=\u00a0\u00bbpreset1&Prime; global_colors_info=\u00a0\u00bb{}\u00a0\u00bb][\/et_pb_image][\/et_pb_column][\/et_pb_row][\/et_pb_section][et_pb_section fb_built=\u00a0\u00bb1&Prime; _builder_version=\u00a0\u00bb4.16&Prime; _module_preset=\u00a0\u00bbdefault\u00a0\u00bb custom_padding=\u00a0\u00bb50px||5px|||\u00a0\u00bb global_colors_info=\u00a0\u00bb{}\u00a0\u00bb][et_pb_row _builder_version=\u00a0\u00bb4.16&Prime; _module_preset=\u00a0\u00bbdefault\u00a0\u00bb global_colors_info=\u00a0\u00bb{}\u00a0\u00bb][et_pb_column type=\u00a0\u00bb4_4&Prime; _builder_version=\u00a0\u00bb4.16&Prime; _module_preset=\u00a0\u00bbdefault\u00a0\u00bb global_colors_info=\u00a0\u00bb{}\u00a0\u00bb][et_pb_text _builder_version=\u00a0\u00bb4.27.4&Prime; _module_preset=\u00a0\u00bbdefault\u00a0\u00bb global_colors_info=\u00a0\u00bb{}\u00a0\u00bb]<\/p>\n<p style=\"text-align: center;\">Explorez <strong>les beaut\u00e9s de Milos<\/strong> gr\u00e2ce aux excursions en mer que vous propose notre agence touristique. Nous rendons vos vacances inoubliables en organisant votre voyage comme vous l\u2019imaginez pour vous- m\u00eame, vos amis ou votre famille <strong>en voilier ou en bateau \u00e0 moteur.<\/strong><\/p>\n<p style=\"text-align: center;\">Ensemble, nous voyagerons autour de l&rsquo;\u00eele volcanique <a href=\"https:\/\/www.louvre.fr\/en\/explore\/the-palace\/ideal-greek-beauty\" target=\"_blank\" rel=\"noopener\">d&rsquo;Aphrodite<\/a> avec ses villages de p\u00eacheurs multicolores, ses catacombes chr\u00e9tiennes, <strong>ses nombreuses plages<\/strong> et ses anciennes mines de mangan\u00e8se et de soufre.<\/p>\n<p style=\"text-align: center;\">La merveilleuse grotte ouverte \u00e0 ciel de Sykia et sa plage secr\u00e8te, ainsi que le c\u00e9l\u00e8bre repaire de pirates de Kleftiko, nous attendent pour des moments de d\u00e9tente, mais aussi d&rsquo;aventure. C\u2019est ensemble que nous choisirons les meilleurs endroits pour se baigner dans des eaux tuquoises et cristallines.<\/p>\n<p style=\"text-align: center;\">L&rsquo;\u00e9quipe d&rsquo;HORIZON Yachts vous souhaite <strong>la bienvenue \u00e0 bord<\/strong> de ses bateaux et vous promet des moments uniques et des souvenirs inoubliables gr\u00e2ce aux roches myst\u00e9rieuses en forme d\u2019animaux, aux roches volcaniques et aux grottes naturelles!<\/p>\n<p>[\/et_pb_text][\/et_pb_column][\/et_pb_row][\/et_pb_section][et_pb_section fb_built=\u00a0\u00bb1&Prime; _builder_version=\u00a0\u00bb4.27.4&Prime; _module_preset=\u00a0\u00bbdefault\u00a0\u00bb background_color=\u00a0\u00bbrgba(0,0,0,0.67)\u00a0\u00bb background_color_gradient_start=\u00a0\u00bb#167244&Prime; background_enable_image=\u00a0\u00bboff\u00a0\u00bb background_enable_pattern_style=\u00a0\u00bbon\u00a0\u00bb background_pattern_style=\u00a0\u00bbdiagonal-stripes-2&Prime; custom_margin=\u00a0\u00bb45px|||||\u00a0\u00bb box_shadow_style=\u00a0\u00bbpreset1&Prime; saved_tabs=\u00a0\u00bball\u00a0\u00bb locked=\u00a0\u00bboff\u00a0\u00bb global_colors_info=\u00a0\u00bb%91%93&Prime;][et_pb_row column_structure=\u00a0\u00bb1_4,1_2,1_4&Prime; use_custom_gutter=\u00a0\u00bbon\u00a0\u00bb gutter_width=\u00a0\u00bb2&Prime; _builder_version=\u00a0\u00bb4.25.1&Prime; _module_preset=\u00a0\u00bbdefault\u00a0\u00bb global_colors_info=\u00a0\u00bb{}\u00a0\u00bb][et_pb_column type=\u00a0\u00bb1_4&Prime; _builder_version=\u00a0\u00bb4.16&Prime; _module_preset=\u00a0\u00bbdefault\u00a0\u00bb custom_padding=\u00a0\u00bb15px||||false|false\u00a0\u00bb global_colors_info=\u00a0\u00bb{}\u00a0\u00bb][et_pb_text _builder_version=\u00a0\u00bb4.27.4&Prime; _module_preset=\u00a0\u00bbdefault\u00a0\u00bb text_text_color=\u00a0\u00bbRGBA(255,255,255,0)\u00a0\u00bb custom_margin=\u00a0\u00bb||5px||false|false\u00a0\u00bb global_colors_info=\u00a0\u00bb{}\u00a0\u00bb]<\/p>\n<p style=\"text-align: center;\"><span style=\"color: #ffffff;\"><span style=\"color: #000000;\"><span style=\"color: #ffffff;\">T\u00e9l\u00e9phone bureau:<\/span><br \/><span style=\"color: #00ffff;\"><a href=\"tel:+302287024083\" style=\"color: #a2ff57;\" target=\"_blank\" rel=\"noopener\">(+30) 22870 24083<\/a><\/span><br \/><\/span> <\/span><\/p>\n<p>[\/et_pb_text][et_pb_text _builder_version=\u00a0\u00bb4.25.1&Prime; _module_preset=\u00a0\u00bbdefault\u00a0\u00bb custom_padding=\u00a0\u00bb30px||30px||true|false\u00a0\u00bb global_colors_info=\u00a0\u00bb{}\u00a0\u00bb]<\/p>\n<p style=\"text-align: center;\"><span style=\"color: #ffffff;\"><span style=\"color: #000000;\"><span style=\"color: #ffffff;\">Mario:<\/span><br \/><span style=\"color: #00ffff;\"><a href=\"tel:+306977432170\" target=\"_blank\" rel=\"noopener\" style=\"color: #a2ff57;\"><span style=\"color: #00ccff;\">(+30) 6977 4321 70<\/span><\/a><\/span><br \/><\/span> <\/span><\/p>\n<p>[\/et_pb_text][\/et_pb_column][et_pb_column type=\u00a0\u00bb1_2&Prime; _builder_version=\u00a0\u00bb4.16&Prime; _module_preset=\u00a0\u00bbdefault\u00a0\u00bb custom_padding=\u00a0\u00bb||||false|false\u00a0\u00bb global_colors_info=\u00a0\u00bb{}\u00a0\u00bb][et_pb_image src=\u00a0\u00bbhttps:\/\/www.kleftiko-milos.gr\/wp-content\/uploads\/2024\/09\/HORIZON.webp\u00a0\u00bb alt=\u00a0\u00bbHORIZON\u00a0\u00bb title_text=\u00a0\u00bbHORIZON\u00a0\u00bb align=\u00a0\u00bbcenter\u00a0\u00bb _builder_version=\u00a0\u00bb4.27.4&Prime; _module_preset=\u00a0\u00bbdefault\u00a0\u00bb border_radii=\u00a0\u00bbon|15px|15px|15px|15px\u00a0\u00bb border_width_all=\u00a0\u00bb1px\u00a0\u00bb border_color_all=\u00a0\u00bb#FFFFFF\u00a0\u00bb box_shadow_style=\u00a0\u00bbpreset1&Prime; locked=\u00a0\u00bboff\u00a0\u00bb global_colors_info=\u00a0\u00bb{}\u00a0\u00bb][\/et_pb_image][\/et_pb_column][et_pb_column type=\u00a0\u00bb1_4&Prime; _builder_version=\u00a0\u00bb4.16&Prime; _module_preset=\u00a0\u00bbdefault\u00a0\u00bb custom_padding=\u00a0\u00bb15px||||false|false\u00a0\u00bb global_colors_info=\u00a0\u00bb{}\u00a0\u00bb][et_pb_text _builder_version=\u00a0\u00bb4.25.1&Prime; _module_preset=\u00a0\u00bbdefault\u00a0\u00bb text_text_color=\u00a0\u00bbRGBA(255,255,255,0)\u00a0\u00bb custom_margin=\u00a0\u00bb||5px||false|false\u00a0\u00bb locked=\u00a0\u00bboff\u00a0\u00bb global_colors_info=\u00a0\u00bb{}\u00a0\u00bb]<\/p>\n<p style=\"text-align: center;\"><span style=\"color: #ffffff;\"><span style=\"color: #000000;\"><span style=\"color: #ffffff;\">Email:<\/span><br \/><a href=\"mailto:horizonyachts1@gmail.com\" target=\"_blank\" rel=\"noopener\"><span style=\"color: #A2FF57;\">horizonyachts1@gmail.com<\/span><\/a><br \/><\/span> <\/span><\/p>\n<p>[\/et_pb_text][et_pb_text _builder_version=\u00a0\u00bb4.25.1&Prime; _module_preset=\u00a0\u00bbdefault\u00a0\u00bb custom_padding=\u00a0\u00bb30px||30px||true|false\u00a0\u00bb locked=\u00a0\u00bboff\u00a0\u00bb global_colors_info=\u00a0\u00bb{}\u00a0\u00bb custom_margin__hover_enabled=\u00a0\u00bbon|desktop\u00a0\u00bb custom_margin__hover=\u00a0\u00bb||||false|false\u00a0\u00bb]<\/p>\n<p style=\"text-align: center;\"><span style=\"color: #a3ecff;\"><span style=\"color: #ffffff;\">WhatsApp:<br \/><span style=\"color: #00ccff;\">(+30) 6977 4321 70<\/span><\/span><br \/><\/span><\/p>\n<p>[\/et_pb_text][\/et_pb_column][\/et_pb_row][et_pb_row _builder_version=\u00a0\u00bb4.25.1&Prime; _module_preset=\u00a0\u00bbdefault\u00a0\u00bb global_colors_info=\u00a0\u00bb{}\u00a0\u00bb][et_pb_column type=\u00a0\u00bb4_4&Prime; _builder_version=\u00a0\u00bb4.25.1&Prime; _module_preset=\u00a0\u00bbdefault\u00a0\u00bb global_colors_info=\u00a0\u00bb{}\u00a0\u00bb][et_pb_image src=\u00a0\u00bbhttps:\/\/www.kleftiko-milos.gr\/wp-content\/uploads\/2024\/12\/Logo-png-1-300&#215;41-1.webp\u00a0\u00bb alt=\u00a0\u00bbLogo-png\u00a0\u00bb title_text=\u00a0\u00bbLogo-png\u00a0\u00bb align=\u00a0\u00bbcenter\u00a0\u00bb _builder_version=\u00a0\u00bb4.25.1&Prime; _module_preset=\u00a0\u00bbdefault\u00a0\u00bb custom_margin=\u00a0\u00bb||20px||false|false\u00a0\u00bb custom_padding=\u00a0\u00bb||||false|false\u00a0\u00bb locked=\u00a0\u00bboff\u00a0\u00bb global_colors_info=\u00a0\u00bb{}\u00a0\u00bb][\/et_pb_image][et_pb_text _builder_version=\u00a0\u00bb4.27.4&Prime; _module_preset=\u00a0\u00bbdefault\u00a0\u00bb text_text_color=\u00a0\u00bb#FFFFFF\u00a0\u00bb link_option_url=\u00a0\u00bbhttps:\/\/www.google.com\/maps\/place\/HORIZON+YACHTS+Boat+Tours+Kleftiko+Milos+Island\/@36.7244635,24.4446949,18.16z\/data=!4m6!3m5!1s0x1498df444016c4d3:0x6fbc4816a633f185!8m2!3d36.7244616!4d24.4458427!16s%2Fg%2F11cs090gkz?entry=ttu&#038;g_ep=EgoyMDI0MTEyNC4xIKXMDSoASAFQAw%3D%3D\u00a0\u00bb link_option_url_new_window=\u00a0\u00bbon\u00a0\u00bb global_colors_info=\u00a0\u00bb{}\u00a0\u00bb content__hover_enabled=\u00a0\u00bboff|desktop\u00a0\u00bb content__hover=\u00a0\u00bb<\/p>\n<p style=%22text-align: center;%22><span style=%22color: #a2ff57;%22>OFFICE LOCATION<\/span><br \/>Adamas main port<br \/>84800 Milos<\/p>\n<p style=%22text-align: center;%22><span style=%22color: #00ccff;%22><\/span><span style=%22color: #00ccff;%22>The office is situated 50 meters<br \/>from the port<\/span><br \/><span style=%22color: #00ccff;%22>right next to Egoist Caf\u00e9<\/span><\/p>\n<p style=%22text-align: center;%22><span style=%22color: #a2ff57;%22>See Google Maps<\/span><\/p>\n<p>\u00ab\u00a0]<\/p>\n<p style=\"text-align: center;\">EMPLACEMENT DU BUREAU<br \/>Port principal d&rsquo;Adamas<br \/>84800 Milos<\/p>\n<p style=\"text-align: center;\"><span style=\"color: #00ccff;\">Voir Google Maps<\/span><\/p>\n<p>[\/et_pb_text][\/et_pb_column][\/et_pb_row][\/et_pb_section]<\/p>\n","protected":false},"excerpt":{"rendered":"<p>Horizon Yachts est recommand\u00e9s par le guide du routardDepuis 2018, nous sommes recommand\u00e9s par le guide du routard dans le livre \u00a0\u00bbles iles grecques et Ath\u00e8nes\u00a0\u00bb2018201920202021202220232024le guide du routardAo\u00fbt 2017, le guide du routard a fait l&rsquo;execution Adamas &#8211; Kleftiko en en voilier avec Horizon Yachts.-En voilier: une vingtaine de voiliers proposent plus ou moins [&hellip;]<\/p>\n","protected":false},"author":1,"featured_media":0,"parent":0,"menu_order":0,"comment_status":"closed","ping_status":"closed","template":"","meta":{"_et_pb_use_builder":"on","_et_pb_old_content":"","_et_gb_content_width":"","footnotes":""},"class_list":["post-371557","page","type-page","status-publish","hentry"],"_links":{"self":[{"href":"https:\/\/www.kleftiko-milos.gr\/fr\/wp-json\/wp\/v2\/pages\/371557","targetHints":{"allow":["GET"]}}],"collection":[{"href":"https:\/\/www.kleftiko-milos.gr\/fr\/wp-json\/wp\/v2\/pages"}],"about":[{"href":"https:\/\/www.kleftiko-milos.gr\/fr\/wp-json\/wp\/v2\/types\/page"}],"author":[{"embeddable":true,"href":"https:\/\/www.kleftiko-milos.gr\/fr\/wp-json\/wp\/v2\/users\/1"}],"replies":[{"embeddable":true,"href":"https:\/\/www.kleftiko-milos.gr\/fr\/wp-json\/wp\/v2\/comments?post=371557"}],"version-history":[{"count":0,"href":"https:\/\/www.kleftiko-milos.gr\/fr\/wp-json\/wp\/v2\/pages\/371557\/revisions"}],"wp:attachment":[{"href":"https:\/\/www.kleftiko-milos.gr\/fr\/wp-json\/wp\/v2\/media?parent=371557"}],"curies":[{"name":"wp","href":"https:\/\/api.w.org\/{rel}","templated":true}]}}