{"id":373675,"date":"2022-06-03T17:57:40","date_gmt":"2022-06-03T14:57:40","guid":{"rendered":"https:\/\/www.kleftiko-milos.gr\/?page_id=373675"},"modified":"2024-12-13T11:04:21","modified_gmt":"2024-12-13T09:04:21","slug":"methodes-de-paiement-et-politique-dannulation","status":"publish","type":"page","link":"https:\/\/www.kleftiko-milos.gr\/fr\/methodes-de-paiement-et-politique-dannulation\/","title":{"rendered":"M\u00e9thodes de paiement et politique d&rsquo;annulation"},"content":{"rendered":"<p>[et_pb_section fb_built=\u00a0\u00bb1&Prime; _builder_version=\u00a0\u00bb4.17.4&Prime; _module_preset=\u00a0\u00bbdefault\u00a0\u00bb global_colors_info=\u00a0\u00bb{}\u00a0\u00bb][et_pb_row _builder_version=\u00a0\u00bb4.17.4&Prime; _module_preset=\u00a0\u00bbdefault\u00a0\u00bb global_colors_info=\u00a0\u00bb{}\u00a0\u00bb][et_pb_column type=\u00a0\u00bb4_4&Prime; _builder_version=\u00a0\u00bb4.17.4&Prime; _module_preset=\u00a0\u00bbdefault\u00a0\u00bb global_colors_info=\u00a0\u00bb{}\u00a0\u00bb][et_pb_blurb title=\u00a0\u00bbModes de paiement et politique d&rsquo;annulation\u00a0\u00bb content_max_width=\u00a0\u00bb680px\u00a0\u00bb admin_label=\u00a0\u00bb\u03a4\u03c1\u03cc\u03c0\u03bf\u03b9 \u03a0\u03bb\u03b7\u03c1\u03c9\u03bc\u03ae\u03c2\u00a0\u00bb _builder_version=\u00a0\u00bb4.24.0&Prime; _module_preset=\u00a0\u00bbdefault\u00a0\u00bb header_level=\u00a0\u00bbh1&Prime; header_font=\u00a0\u00bb|700|||||||\u00a0\u00bb header_text_align=\u00a0\u00bbcenter\u00a0\u00bb header_text_color=\u00a0\u00bb#000000&Prime; header_text_shadow_style=\u00a0\u00bbpreset2&Prime; global_colors_info=\u00a0\u00bb{}\u00a0\u00bb][\/et_pb_blurb][et_pb_divider _builder_version=\u00a0\u00bb4.17.4&Prime; _module_preset=\u00a0\u00bbdefault\u00a0\u00bb global_colors_info=\u00a0\u00bb{}\u00a0\u00bb][\/et_pb_divider][et_pb_blurb title=\u00a0\u00bbMODALIT\u00c9S D&rsquo;ENREGISTREMENT D&rsquo;UNE R\u00c9SERVATION\u00a0\u00bb content_max_width=\u00a0\u00bb680px\u00a0\u00bb _builder_version=\u00a0\u00bb4.24.0&Prime; _module_preset=\u00a0\u00bbdefault\u00a0\u00bb header_level=\u00a0\u00bbh2&Prime; header_font=\u00a0\u00bb|700|||||||\u00a0\u00bb header_text_color=\u00a0\u00bb#000000&Prime; global_colors_info=\u00a0\u00bb{}\u00a0\u00bb]<\/p>\n<p>Vous pouvez effectuer vos r\u00e9servations des mani\u00e8res suivantes :<\/p>\n<ol>\n<li>Par voie \u00e9lectronique en entrant directement dans le syst\u00e8me. Apr\u00e8s inscription, un bon vous est envoy\u00e9. Vous r\u00e9cup\u00e9rez vos billets au port, avant de monter \u00e0 bord du navire.<\/li>\n<li>Par voie \u00e9lectronique en envoyant un e-mail \u00e0 horizonyachts1@gmail.com<\/li>\n<li>Par t\u00e9l\u00e9phone au 22870-24083 \u00e0 notre bureau principal.<\/li>\n<\/ol>\n<p>Paiement et r\u00e9ception du billet depuis notre si\u00e8ge.<\/p>\n<p>&nbsp;<\/p>\n<h2><strong>Modes de paiement des services<\/strong><\/h2>\n<p><strong>Pour les prestations fournies, les modes de paiement suivants sont propos\u00e9s \u00e0 titre indicatif<\/strong><strong><\/strong><\/p>\n<ul>\n<li>Pour la r\u00e9servation en ligne\u00a0: via les cartes de cr\u00e9dit, de d\u00e9bit et pr\u00e9pay\u00e9es de Visa, Mastercard, Maestro, Diners<\/li>\n<li>Notre entreprise dispose d&rsquo;un compte IBAN \u00e0 la Banque Nationale. Toutes nos transactions sont effectu\u00e9es via la Banque Nationale (NBG)<\/li>\n<li>En visitant notre bureau et en payant en esp\u00e8ces ou par carte (d\u00e9bit\/cr\u00e9dit).<\/li>\n<\/ul>\n<p>&nbsp;<\/p>\n<h2><strong>Politique de remboursement et d&rsquo;annulation<\/strong><\/h2>\n<p>Annulation des r\u00e9servations effectu\u00e9es<strong> <br \/><span style=\"color: #e00b00;\">jusqu&rsquo;\u00e0 48 heures<\/span><\/strong> avant l&rsquo;excursion: <span style=\"color: #e00b00;\"><strong>Remboursement \u00e0 100 %<\/strong><\/span> <br \/>ou report de l&rsquo;excursion \u00e0 un autre jour s&rsquo;il y a des places disponibles.<\/p>\n<p>Annulation d&rsquo;une r\u00e9servation effectu\u00e9e <br \/><span style=\"color: #e00b00;\"><strong>en moins de 48 heures<\/strong><\/span> avant l&rsquo;excursion: <span style=\"color: #e00b00;\"><strong>Pas de remboursement.<\/strong><\/span><\/p>\n<p>Si l&rsquo;excursion est annul\u00e9e par Horizon Yachts, elle peut \u00eatre report\u00e9e \u00e0 un autre jour s&rsquo;il reste des places disponibles, sinon le prix total sera rembours\u00e9. L&rsquo;excursion en bateau peut \u00eatre modifi\u00e9e en fonction des conditions m\u00e9t\u00e9orologiques. Nous nous r\u00e9servons le droit d&rsquo;annuler toute excursion en bateau \u00e0 tout moment en cas de conditions m\u00e9t\u00e9orologiques extr\u00eames. La s\u00e9curit\u00e9 des passagers est la priorit\u00e9 d&rsquo;Horizon Yachts.<\/p>\n<h2><strong>Politique de livraison des produits<\/strong><\/h2>\n<p>Votre arriv\u00e9e \u00e0 notre bureau doit avoir lieu 30 minutes avant le d\u00e9part du bateau.<\/p>\n<p>&nbsp;<\/p>\n<h2><strong>Termes et conditions<\/strong><\/h2>\n<p>Horizon Yachts (ci-apr\u00e8s SOCI\u00c9T\u00c9) est une entreprise familiale et conviviale bas\u00e9e \u00e0 Milos dans la Pr\u00e9fecture des Cyclades et a d\u00e9marr\u00e9 son activit\u00e9 en proposant des circuits d&rsquo;une journ\u00e9e (en mer) sur l&rsquo;\u00eele de Milos. La soci\u00e9t\u00e9 a cr\u00e9\u00e9 le site Internet www.kleftiko-milos.gr pour offrir des informations et des services \u00e0 ses utilisateurs.<br \/>La compagnie informe que les heures de s\u00e9jour dans les diff\u00e9rentes destinations affich\u00e9es dans les programmes de croisi\u00e8re sont approximatives. L&rsquo;itin\u00e9raire peut \u00eatre modifi\u00e9 ou annul\u00e9 sans pr\u00e9avis comme ci-dessus.<\/p>\n<p>L&rsquo;utilisation de ce site Internet est r\u00e9gie par les pr\u00e9sentes conditions g\u00e9n\u00e9rales, que les utilisateurs sont pri\u00e9s de lire et de respecter. L&rsquo;utilisation de ce site implique l&rsquo;acceptation sans r\u00e9serve des pr\u00e9sentes conditions g\u00e9n\u00e9rales.<br \/>La soci\u00e9t\u00e9 peut, pour quelque raison que ce soit et sans pr\u00e9avis, modifier les pr\u00e9sentes conditions g\u00e9n\u00e9rales. L&rsquo;utilisation continue du site Web par les utilisateurs apr\u00e8s la date d&rsquo;entr\u00e9e en vigueur de toute modification des termes et conditions sera consid\u00e9r\u00e9e comme une acceptation de ces modifications par les utilisateurs.<\/p>\n<p>&nbsp;<\/p>\n<p><strong>EXCLUSION DE RESPONSABILIT\u00c9<\/strong><strong><\/strong><\/p>\n<p>En aucun cas, la soci\u00e9t\u00e9 ne sera responsable envers quiconque ou de tout dommage direct, indirect, positif ou cons\u00e9cutif de quelque nature que ce soit, y compris les dommages moraux, li\u00e9s \u00e0 ou d\u00e9coulant de ce site Web ou de toute utilisation de celui-ci ou de tout autre site Web ou source li\u00e9 \u00e0 , r\u00e9f\u00e9renc\u00e9 ou accessible \u00e0 partir de ce site Web, ou pour utiliser, t\u00e9l\u00e9charger ou acc\u00e9der \u00e0 tout mat\u00e9riel, information, produit ou service, y compris, mais sans s&rsquo;y limiter, toute perte de profits, perte de programmes ou d&rsquo;autres donn\u00e9es, m\u00eame si la soci\u00e9t\u00e9 a \u00e9t\u00e9 express\u00e9ment inform\u00e9e de la possibilit\u00e9 de tels dommages.<\/p>\n<p>La soci\u00e9t\u00e9 ne garantit pas que le contenu du site Internet sera toujours \u00e0 jour, s\u00e9curis\u00e9, sans erreurs, qu&rsquo;il r\u00e9pondra aux exigences des utilisateurs et que les r\u00e9sultats qui proviendront de son utilisation seront fiables, pr\u00e9cis et sans erreur. les erreurs.<br \/>En raison de d\u00e9veloppements continus, les informations contenues sur ce site Web peuvent ne pas toujours \u00eatre enti\u00e8rement \u00e0 jour et pour cette raison, ces informations sont fournies \u00ab telles quelles \u00bb et \u00ab telles que disponibles \u00bb. Des informations valides et confirm\u00e9es sont fournies sur www.kleftiko-milos.gr. L&rsquo;utilisation des informations obtenues ou stock\u00e9es \u00e0 partir de ou via ce site Web est \u00e0 la seule discr\u00e9tion et responsabilit\u00e9 de l&rsquo;utilisateur. L&rsquo;utilisateur reconna\u00eet qu&rsquo;il doit \u00e9valuer le contenu et qu&rsquo;il est responsable de tout risque que l&rsquo;utilisation de tout contenu pourrait entra\u00eener.<\/p>\n<p>&nbsp;<\/p>\n<h2><strong>INTERDICTION DE REPUBLISHATION<\/strong><\/h2>\n<p>Tous les logos et marques de l\u2019entreprise ne peuvent \u00eatre utilis\u00e9s ou reproduits sans l\u2019accord \u00e9crit pr\u00e9alable de l\u2019entreprise.<\/p>\n<p>&nbsp;<\/p>\n<h2><strong>DROIT D&rsquo;UTILISATION DES INFORMATIONS FOURNIES PAR LES UTILISATEURS<\/strong><\/h2>\n<p>Toutes les informations fournies \u00e0 la soci\u00e9t\u00e9 par les utilisateurs de ce site Internet ne sont pas consid\u00e9r\u00e9es comme confidentielles. La soci\u00e9t\u00e9 peut divulguer, copier et utiliser tout ou partie de ces informations \u00e0 quelque fin que ce soit, sans restriction.<\/p>\n<p>&nbsp;<\/p>\n<h2><strong>SITES WEB ET CONTENUS TIERS<\/strong><\/h2>\n<p>Certains contenus de ce site Web peuvent appartenir \u00e0 des tiers (par exemple des articles, des donn\u00e9es ou des extraits) ou il peut exister des liens hypertextes menant \u00e0 des sites Web appartenant \u00e0 des tiers, qui assument l&rsquo;enti\u00e8re responsabilit\u00e9 (civile ou p\u00e9nale) de la s\u00e9curit\u00e9, de la l\u00e9galit\u00e9 ou validit\u00e9 du contenu des sites Internet et de leurs services, excluant toute responsabilit\u00e9 de la soci\u00e9t\u00e9.<\/p>\n<p>&nbsp;<\/p>\n<h2><strong>POLITIQUE DE CONFIDENTIALIT\u00c9<\/strong><\/h2>\n<p>La soci\u00e9t\u00e9 consid\u00e8re la s\u00e9curit\u00e9 des informations personnelles des utilisateurs de son site Web importante et est responsable d&rsquo;assurer la confidentialit\u00e9 des informations personnelles qui lui sont fournies. La politique de confidentialit\u00e9 \u00e9nonce les principes r\u00e9gissant l&rsquo;utilisation des informations personnelles re\u00e7ues. Toute personne utilisant ce site Web accepte cette utilisation. La politique de confidentialit\u00e9 peut changer de temps \u00e0 autre. Nous demandons donc qu&rsquo;il soit v\u00e9rifi\u00e9 r\u00e9guli\u00e8rement afin de garantir que les utilisateurs connaissent \u00e0 chaque fois la derni\u00e8re version \u00e0 appliquer.<br \/>La gestion et la protection des donn\u00e9es personnelles de l&rsquo;utilisateur de ce site Web sont r\u00e9gies par les pr\u00e9sentes conditions g\u00e9n\u00e9rales et par la l\u00e9gislation grecque (loi 2472\/1997 applicable, loi 3471\/2006, d\u00e9cisions et instructions de l&rsquo;autorit\u00e9 de protection des donn\u00e9es personnelles). Ces coordonn\u00e9es ne sont jamais divulgu\u00e9es \u00e0 des tiers (sauf lorsque la loi et les autorit\u00e9s comp\u00e9tentes le pr\u00e9voient), mais leur caract\u00e8re personnel est pr\u00e9serv\u00e9. Le site Internet conserve des fichiers contenant ces donn\u00e9es \u00e0 des fins de communication, de statistiques et d&rsquo;am\u00e9lioration de ses services. De plus, dans le cas de \u00ab liens \u00bb vers d\u2019autres sites Internet, le site Internet n\u2019est pas responsable des conditions de gestion et de protection des donn\u00e9es personnelles qu\u2019ils suivent.<\/p>\n<p>Afin d&rsquo;inscrire l&rsquo;utilisateur \u00e0 certains services du site, les informations suivantes sont demand\u00e9es : e-mail (l&rsquo;adresse e-mail de l&rsquo;utilisateur). La soci\u00e9t\u00e9 ne peut utiliser les informations de l&rsquo;utilisateur qu&rsquo;aux fins li\u00e9es au service sp\u00e9cifique. Ces informations ne sont pas divulgu\u00e9es \u00e0 des tiers et ne sont en aucun cas rendues publiques ni exploit\u00e9es de quelque mani\u00e8re que ce soit. Ces donn\u00e9es ne sont utilis\u00e9es que dans la mesure jug\u00e9e absolument n\u00e9cessaire pour remplir les termes et obligations des diff\u00e9rents services fournis par l&rsquo;entreprise.<\/p>\n<p>&nbsp;<\/p>\n<h2><strong>PRIX<\/strong><\/h2>\n<p>Les prix sont indiqu\u00e9s en EUROS et incluent la TVA. Les prix peuvent changer sans pr\u00e9avis \u00e0 tout moment avant l&rsquo;acceptation de votre commande.<\/p>\n<p>De temps \u00e0 autre, des informations sur les produits ou services de la soci\u00e9t\u00e9 et de ses partenaires commerciaux peuvent \u00eatre communiqu\u00e9es par courrier \u00e9lectronique ou postal. Si l&rsquo;utilisateur ne souhaite pas recevoir ce type d&rsquo;informations, il peut choisir de ne pas les recevoir, en l&rsquo;informant \u00e0 tout moment par e-mail \u00e0 l&rsquo;adresse e-mail suivante : horizonyachts1@gmail.com<\/p>\n<p>En tant qu&rsquo;utilisateur de ce site Web, vous vous engagez\u00a0:<br \/><strong>1)<\/strong> \u00c0 ne pas agir en utilisant le site Web, sciemment ou involontairement, contrairement aux exigences l\u00e9gales ou r\u00e9glementaires de toute autorit\u00e9 comp\u00e9tente ayant juridiction sur vous ou sur toute activit\u00e9 que vous entreprenez.<br \/><strong>2)<\/strong> N&rsquo;utilisez pas le site Web pour tenter de mani\u00e8re non autoris\u00e9e d&rsquo;acc\u00e9der aux syst\u00e8mes de l&rsquo;entreprise ou aux r\u00e9seaux de tiers.<br \/><strong>3)<\/strong> N&rsquo;utilisez pas le site Web pour mener des affaires ou d&rsquo;autres activit\u00e9s ou pour vous livrer \u00e0 des activit\u00e9s interdites par la loi.<br \/><strong>4)<\/strong> N&rsquo;utilisez pas le site Web pour transmettre du mat\u00e9riel de nature diffamatoire, offensante ou mena\u00e7ante ou qui porte atteinte aux droits d&rsquo;un tiers ou dans le but de perturber, de harceler ou d&rsquo;inqui\u00e9ter inutilement un tiers ou d&rsquo;envoyer des messages qui savent \u00eatre faux ou utiliser le site Web \u00e0 de telles fins.<br \/><strong>5)<\/strong> Informer imm\u00e9diatement la soci\u00e9t\u00e9 de toute r\u00e9clamation ou action de quelque nature que ce soit contre vous pour toute utilisation du site Internet et \u00e0 la demande de la soci\u00e9t\u00e9, cesser imm\u00e9diatement l&rsquo;acte pour lequel l&rsquo;accusation a \u00e9t\u00e9 port\u00e9e.<\/p>\n<p>&nbsp;<\/p>\n<p>&nbsp;<\/p>\n<h2><strong>EN G\u00c9N\u00c9RAL<\/strong><\/h2>\n<p>Si un article des conditions ci-dessus est jug\u00e9 inapplicable, cela n\u2019affectera pas la validit\u00e9 et le caract\u00e8re ex\u00e9cutoire des conditions restantes.<br \/>Ces conditions repr\u00e9sentent l&rsquo;int\u00e9gralit\u00e9 de l&rsquo;accord entre chaque utilisateur et la soci\u00e9t\u00e9 et r\u00e9gissent l&rsquo;acc\u00e8s et l&rsquo;utilisation du site Web par les utilisateurs. Ces conditions remplacent tout autre accord \u00e9crit entre chaque utilisateur et la soci\u00e9t\u00e9 concernant l&rsquo;utilisation de ce site Web.<br \/>Ces conditions sont r\u00e9gies et interpr\u00e9t\u00e9es conform\u00e9ment au droit grec et les tribunaux grecs sont d\u00e9sign\u00e9s exclusivement comp\u00e9tents pour la r\u00e9solution de tout litige.<\/p>\n<p>&nbsp;<\/p>\n<p>Lire aussi :<\/p>\n<p><a href=\"https:\/\/www.kleftiko-milos.gr\/fr\/conditions-dutilisation-politique-de-confidentialite\/\">Conditions d&rsquo;utilisation et politique de confidentialit\u00e9<\/a><\/p>\n<p>[\/et_pb_blurb][\/et_pb_column][\/et_pb_row][\/et_pb_section]<\/p>\n","protected":false},"excerpt":{"rendered":"<p>Vous pouvez effectuer vos r\u00e9servations des mani\u00e8res suivantes : Par voie \u00e9lectronique en entrant directement dans le syst\u00e8me. Apr\u00e8s inscription, un bon vous est envoy\u00e9. Vous r\u00e9cup\u00e9rez vos billets au port, avant de monter \u00e0 bord du navire. Par voie \u00e9lectronique en envoyant un e-mail \u00e0 horizonyachts1@gmail.com Par t\u00e9l\u00e9phone au 22870-24083 \u00e0 notre bureau principal. [&hellip;]<\/p>\n","protected":false},"author":1,"featured_media":0,"parent":0,"menu_order":0,"comment_status":"closed","ping_status":"closed","template":"","meta":{"_et_pb_use_builder":"on","_et_pb_old_content":"","_et_gb_content_width":"","footnotes":""},"class_list":["post-373675","page","type-page","status-publish","hentry"],"_links":{"self":[{"href":"https:\/\/www.kleftiko-milos.gr\/fr\/wp-json\/wp\/v2\/pages\/373675","targetHints":{"allow":["GET"]}}],"collection":[{"href":"https:\/\/www.kleftiko-milos.gr\/fr\/wp-json\/wp\/v2\/pages"}],"about":[{"href":"https:\/\/www.kleftiko-milos.gr\/fr\/wp-json\/wp\/v2\/types\/page"}],"author":[{"embeddable":true,"href":"https:\/\/www.kleftiko-milos.gr\/fr\/wp-json\/wp\/v2\/users\/1"}],"replies":[{"embeddable":true,"href":"https:\/\/www.kleftiko-milos.gr\/fr\/wp-json\/wp\/v2\/comments?post=373675"}],"version-history":[{"count":0,"href":"https:\/\/www.kleftiko-milos.gr\/fr\/wp-json\/wp\/v2\/pages\/373675\/revisions"}],"wp:attachment":[{"href":"https:\/\/www.kleftiko-milos.gr\/fr\/wp-json\/wp\/v2\/media?parent=373675"}],"curies":[{"name":"wp","href":"https:\/\/api.w.org\/{rel}","templated":true}]}}